
{"id":78,"date":"2024-07-05T15:47:57","date_gmt":"2024-07-05T15:47:57","guid":{"rendered":""},"modified":"2026-04-04T13:00:01","modified_gmt":"2026-04-04T13:00:01","slug":"shake-de-chocolate","status":"publish","type":"product","link":"https:\/\/www.dietaeasyslim.com\/en\/products\/shake-de-chocolate\/","title":{"rendered":"Shake de Chocolate"},"content":{"rendered":"","protected":false},"featured_media":603,"parent":0,"template":"","tipo-de-produto":[7],"categoria_produto":[3],"class_list":["post-78","product","type-product","status-publish","has-post-thumbnail","hentry","tipo-de-produto-bebidas","categoria_produto-alimentacao"],"acf":[],"yoast_head":"<!-- This site is optimized with the Yoast SEO plugin v20.5 - https:\/\/yoast.com\/wordpress\/plugins\/seo\/ -->\n<title>Shake de Chocolate - Dieta Easyslim<\/title>\n<meta name=\"description\" content=\"Bebidas deliciosas, ideais para o pequeno-almo\u00e7o, lanche da manh\u00e3 ou da tarde ou ceia. Experimenta a vers\u00e3o de chocolate.\" \/>\n<meta name=\"robots\" content=\"index, follow, max-snippet:-1, max-image-preview:large, max-video-preview:-1\" \/>\n<link rel=\"canonical\" href=\"https:\/\/www.dietaeasyslim.com\/en\/products\/shake-de-chocolate\/\" \/>\n<meta property=\"og:locale\" content=\"en_US\" \/>\n<meta property=\"og:type\" content=\"article\" \/>\n<meta property=\"og:title\" content=\"Shake de Chocolate - Dieta Easyslim\" \/>\n<meta property=\"og:description\" content=\"Bebidas deliciosas, ideais para o pequeno-almo\u00e7o, lanche da manh\u00e3 ou da tarde ou ceia. Experimenta a vers\u00e3o de chocolate.\" \/>\n<meta property=\"og:url\" content=\"https:\/\/www.dietaeasyslim.com\/en\/products\/shake-de-chocolate\/\" \/>\n<meta property=\"og:site_name\" content=\"Dieta Easyslim\" \/>\n<meta property=\"article:modified_time\" content=\"2026-04-04T13:00:01+00:00\" \/>\n<meta property=\"og:image\" content=\"https:\/\/www.dietaeasyslim.com\/wp-content\/uploads\/2024\/07\/ES_ALIM.-Shake-Chocolate-1.png\" \/>\n\t<meta property=\"og:image:width\" content=\"450\" \/>\n\t<meta property=\"og:image:height\" content=\"450\" \/>\n\t<meta property=\"og:image:type\" content=\"image\/png\" \/>\n<meta name=\"twitter:card\" content=\"summary_large_image\" \/>\n<script type=\"application\/ld+json\" class=\"yoast-schema-graph\">{\"@context\":\"https:\/\/schema.org\",\"@graph\":[{\"@type\":\"WebPage\",\"@id\":\"https:\/\/www.dietaeasyslim.com\/products\/shake-de-chocolate\/\",\"url\":\"https:\/\/www.dietaeasyslim.com\/products\/shake-de-chocolate\/\",\"name\":\"Shake de Chocolate - Dieta Easyslim\",\"isPartOf\":{\"@id\":\"https:\/\/www.dietaeasyslim.com\/#website\"},\"datePublished\":\"2024-07-05T15:47:57+00:00\",\"dateModified\":\"2026-04-04T13:00:01+00:00\",\"description\":\"Bebidas deliciosas, ideais para o pequeno-almo\u00e7o, lanche da manh\u00e3 ou da tarde ou ceia. Experimenta a vers\u00e3o de chocolate.\",\"breadcrumb\":{\"@id\":\"https:\/\/www.dietaeasyslim.com\/products\/shake-de-chocolate\/#breadcrumb\"},\"inLanguage\":\"en-US\",\"potentialAction\":[{\"@type\":\"ReadAction\",\"target\":[\"https:\/\/www.dietaeasyslim.com\/products\/shake-de-chocolate\/\"]}]},{\"@type\":\"BreadcrumbList\",\"@id\":\"https:\/\/www.dietaeasyslim.com\/products\/shake-de-chocolate\/#breadcrumb\",\"itemListElement\":[{\"@type\":\"ListItem\",\"position\":1,\"name\":\"Home\",\"item\":\"https:\/\/www.dietaeasyslim.com\/\"},{\"@type\":\"ListItem\",\"position\":2,\"name\":\"Products\",\"item\":\"https:\/\/www.dietaeasyslim.com\/products\/\"},{\"@type\":\"ListItem\",\"position\":3,\"name\":\"Shake de Chocolate\"}]},{\"@type\":\"WebSite\",\"@id\":\"https:\/\/www.dietaeasyslim.com\/#website\",\"url\":\"https:\/\/www.dietaeasyslim.com\/\",\"name\":\"Dieta Easyslim\",\"description\":\"\",\"potentialAction\":[{\"@type\":\"SearchAction\",\"target\":{\"@type\":\"EntryPoint\",\"urlTemplate\":\"https:\/\/www.dietaeasyslim.com\/?s={search_term_string}\"},\"query-input\":\"required name=search_term_string\"}],\"inLanguage\":\"en-US\"}]}<\/script>\n<!-- \/ Yoast SEO plugin. -->","yoast_head_json":{"title":"Shake de Chocolate - Dieta Easyslim","description":"Bebidas deliciosas, ideais para o pequeno-almo\u00e7o, lanche da manh\u00e3 ou da tarde ou ceia. Experimenta a vers\u00e3o de chocolate.","robots":{"index":"index","follow":"follow","max-snippet":"max-snippet:-1","max-image-preview":"max-image-preview:large","max-video-preview":"max-video-preview:-1"},"canonical":"https:\/\/www.dietaeasyslim.com\/en\/products\/shake-de-chocolate\/","og_locale":"en_US","og_type":"article","og_title":"Shake de Chocolate - Dieta Easyslim","og_description":"Bebidas deliciosas, ideais para o pequeno-almo\u00e7o, lanche da manh\u00e3 ou da tarde ou ceia. Experimenta a vers\u00e3o de chocolate.","og_url":"https:\/\/www.dietaeasyslim.com\/en\/products\/shake-de-chocolate\/","og_site_name":"Dieta Easyslim","article_modified_time":"2026-04-04T13:00:01+00:00","og_image":[{"width":450,"height":450,"url":"https:\/\/www.dietaeasyslim.com\/wp-content\/uploads\/2024\/07\/ES_ALIM.-Shake-Chocolate-1.png","type":"image\/png"}],"twitter_card":"summary_large_image","schema":{"@context":"https:\/\/schema.org","@graph":[{"@type":"WebPage","@id":"https:\/\/www.dietaeasyslim.com\/products\/shake-de-chocolate\/","url":"https:\/\/www.dietaeasyslim.com\/products\/shake-de-chocolate\/","name":"Shake de Chocolate - Dieta Easyslim","isPartOf":{"@id":"https:\/\/www.dietaeasyslim.com\/#website"},"datePublished":"2024-07-05T15:47:57+00:00","dateModified":"2026-04-04T13:00:01+00:00","description":"Bebidas deliciosas, ideais para o pequeno-almo\u00e7o, lanche da manh\u00e3 ou da tarde ou ceia. Experimenta a vers\u00e3o de chocolate.","breadcrumb":{"@id":"https:\/\/www.dietaeasyslim.com\/products\/shake-de-chocolate\/#breadcrumb"},"inLanguage":"en-US","potentialAction":[{"@type":"ReadAction","target":["https:\/\/www.dietaeasyslim.com\/products\/shake-de-chocolate\/"]}]},{"@type":"BreadcrumbList","@id":"https:\/\/www.dietaeasyslim.com\/products\/shake-de-chocolate\/#breadcrumb","itemListElement":[{"@type":"ListItem","position":1,"name":"Home","item":"https:\/\/www.dietaeasyslim.com\/"},{"@type":"ListItem","position":2,"name":"Products","item":"https:\/\/www.dietaeasyslim.com\/products\/"},{"@type":"ListItem","position":3,"name":"Shake de Chocolate"}]},{"@type":"WebSite","@id":"https:\/\/www.dietaeasyslim.com\/#website","url":"https:\/\/www.dietaeasyslim.com\/","name":"Dieta Easyslim","description":"","potentialAction":[{"@type":"SearchAction","target":{"@type":"EntryPoint","urlTemplate":"https:\/\/www.dietaeasyslim.com\/?s={search_term_string}"},"query-input":"required name=search_term_string"}],"inLanguage":"en-US"}]}},"_links":{"self":[{"href":"https:\/\/www.dietaeasyslim.com\/en\/wp-json\/wp\/v2\/product\/78","targetHints":{"allow":["GET"]}}],"collection":[{"href":"https:\/\/www.dietaeasyslim.com\/en\/wp-json\/wp\/v2\/product"}],"about":[{"href":"https:\/\/www.dietaeasyslim.com\/en\/wp-json\/wp\/v2\/types\/product"}],"wp:featuredmedia":[{"embeddable":true,"href":"https:\/\/www.dietaeasyslim.com\/en\/wp-json\/wp\/v2\/media\/603"}],"wp:attachment":[{"href":"https:\/\/www.dietaeasyslim.com\/en\/wp-json\/wp\/v2\/media?parent=78"}],"wp:term":[{"taxonomy":"tipo-de-produto","embeddable":true,"href":"https:\/\/www.dietaeasyslim.com\/en\/wp-json\/wp\/v2\/tipo-de-produto?post=78"},{"taxonomy":"categoria_produto","embeddable":true,"href":"https:\/\/www.dietaeasyslim.com\/en\/wp-json\/wp\/v2\/categoria_produto?post=78"}],"curies":[{"name":"wp","href":"https:\/\/api.w.org\/{rel}","templated":true}]}}