
{"id":2246,"date":"2025-06-04T23:00:02","date_gmt":"2025-06-04T23:00:02","guid":{"rendered":""},"modified":"2026-04-08T13:00:02","modified_gmt":"2026-04-08T13:00:02","slug":"pudim-caramelo-2-uni","status":"publish","type":"product","link":"https:\/\/www.dietaeasyslim.com\/en\/products\/pudim-caramelo-2-uni\/","title":{"rendered":"Pudim Caramelo 2 uni"},"content":{"rendered":"","protected":false},"featured_media":2380,"parent":0,"template":"","tipo-de-produto":[17],"categoria_produto":[3],"class_list":["post-2246","product","type-product","status-publish","has-post-thumbnail","hentry","tipo-de-produto-sobremesas","categoria_produto-alimentacao"],"acf":[],"yoast_head":"<!-- This site is optimized with the Yoast SEO plugin v20.5 - https:\/\/yoast.com\/wordpress\/plugins\/seo\/ -->\n<title>Pudim Caramelo 2 uni - Dieta Easyslim<\/title>\n<meta name=\"description\" content=\"EasySlim\u00ae Pudim Light de Caramelo \u00e9 uma alternativa pr\u00e1tica e saud\u00e1vel, para que desfrute de um pudim com baixo teor de a\u00e7\u00facares e gordura.\" \/>\n<meta name=\"robots\" content=\"index, follow, max-snippet:-1, max-image-preview:large, max-video-preview:-1\" \/>\n<link rel=\"canonical\" href=\"https:\/\/www.dietaeasyslim.com\/en\/products\/pudim-light-caramelo\/\" \/>\n<meta property=\"og:locale\" content=\"en_US\" \/>\n<meta property=\"og:type\" content=\"article\" \/>\n<meta property=\"og:title\" content=\"Pudim Caramelo 2 uni - Dieta Easyslim\" \/>\n<meta property=\"og:description\" content=\"EasySlim\u00ae Pudim Light de Caramelo \u00e9 uma alternativa pr\u00e1tica e saud\u00e1vel, para que desfrute de um pudim com baixo teor de a\u00e7\u00facares e gordura.\" \/>\n<meta property=\"og:url\" content=\"https:\/\/www.dietaeasyslim.com\/en\/products\/pudim-light-caramelo\/\" \/>\n<meta property=\"og:site_name\" content=\"Dieta Easyslim\" \/>\n<meta property=\"article:modified_time\" content=\"2026-04-08T13:00:02+00:00\" \/>\n<meta property=\"og:image\" content=\"https:\/\/www.dietaeasyslim.com\/wp-content\/uploads\/2025\/06\/ES_ALIM.-Pudim-Caramelo-1-1.png\" \/>\n\t<meta property=\"og:image:width\" content=\"450\" \/>\n\t<meta property=\"og:image:height\" content=\"450\" \/>\n\t<meta property=\"og:image:type\" content=\"image\/png\" \/>\n<meta name=\"twitter:card\" content=\"summary_large_image\" \/>\n<script type=\"application\/ld+json\" class=\"yoast-schema-graph\">{\"@context\":\"https:\/\/schema.org\",\"@graph\":[{\"@type\":\"WebPage\",\"@id\":\"https:\/\/www.dietaeasyslim.com\/products\/pudim-light-caramelo\/\",\"url\":\"https:\/\/www.dietaeasyslim.com\/products\/pudim-light-caramelo\/\",\"name\":\"Pudim Caramelo 2 uni - Dieta Easyslim\",\"isPartOf\":{\"@id\":\"https:\/\/www.dietaeasyslim.com\/#website\"},\"datePublished\":\"2025-06-04T23:00:02+00:00\",\"dateModified\":\"2026-04-08T13:00:02+00:00\",\"description\":\"EasySlim\u00ae Pudim Light de Caramelo \u00e9 uma alternativa pr\u00e1tica e saud\u00e1vel, para que desfrute de um pudim com baixo teor de a\u00e7\u00facares e gordura.\",\"breadcrumb\":{\"@id\":\"https:\/\/www.dietaeasyslim.com\/products\/pudim-light-caramelo\/#breadcrumb\"},\"inLanguage\":\"en-US\",\"potentialAction\":[{\"@type\":\"ReadAction\",\"target\":[\"https:\/\/www.dietaeasyslim.com\/products\/pudim-light-caramelo\/\"]}]},{\"@type\":\"BreadcrumbList\",\"@id\":\"https:\/\/www.dietaeasyslim.com\/products\/pudim-light-caramelo\/#breadcrumb\",\"itemListElement\":[{\"@type\":\"ListItem\",\"position\":1,\"name\":\"Home\",\"item\":\"https:\/\/www.dietaeasyslim.com\/\"},{\"@type\":\"ListItem\",\"position\":2,\"name\":\"Products\",\"item\":\"https:\/\/www.dietaeasyslim.com\/products\/\"},{\"@type\":\"ListItem\",\"position\":3,\"name\":\"Pudim Light Caramelo\"}]},{\"@type\":\"WebSite\",\"@id\":\"https:\/\/www.dietaeasyslim.com\/#website\",\"url\":\"https:\/\/www.dietaeasyslim.com\/\",\"name\":\"Dieta Easyslim\",\"description\":\"\",\"potentialAction\":[{\"@type\":\"SearchAction\",\"target\":{\"@type\":\"EntryPoint\",\"urlTemplate\":\"https:\/\/www.dietaeasyslim.com\/?s={search_term_string}\"},\"query-input\":\"required name=search_term_string\"}],\"inLanguage\":\"en-US\"}]}<\/script>\n<!-- \/ Yoast SEO plugin. -->","yoast_head_json":{"title":"Pudim Caramelo 2 uni - Dieta Easyslim","description":"EasySlim\u00ae Pudim Light de Caramelo \u00e9 uma alternativa pr\u00e1tica e saud\u00e1vel, para que desfrute de um pudim com baixo teor de a\u00e7\u00facares e gordura.","robots":{"index":"index","follow":"follow","max-snippet":"max-snippet:-1","max-image-preview":"max-image-preview:large","max-video-preview":"max-video-preview:-1"},"canonical":"https:\/\/www.dietaeasyslim.com\/en\/products\/pudim-light-caramelo\/","og_locale":"en_US","og_type":"article","og_title":"Pudim Caramelo 2 uni - Dieta Easyslim","og_description":"EasySlim\u00ae Pudim Light de Caramelo \u00e9 uma alternativa pr\u00e1tica e saud\u00e1vel, para que desfrute de um pudim com baixo teor de a\u00e7\u00facares e gordura.","og_url":"https:\/\/www.dietaeasyslim.com\/en\/products\/pudim-light-caramelo\/","og_site_name":"Dieta Easyslim","article_modified_time":"2026-04-08T13:00:02+00:00","og_image":[{"width":450,"height":450,"url":"https:\/\/www.dietaeasyslim.com\/wp-content\/uploads\/2025\/06\/ES_ALIM.-Pudim-Caramelo-1-1.png","type":"image\/png"}],"twitter_card":"summary_large_image","schema":{"@context":"https:\/\/schema.org","@graph":[{"@type":"WebPage","@id":"https:\/\/www.dietaeasyslim.com\/products\/pudim-light-caramelo\/","url":"https:\/\/www.dietaeasyslim.com\/products\/pudim-light-caramelo\/","name":"Pudim Caramelo 2 uni - Dieta Easyslim","isPartOf":{"@id":"https:\/\/www.dietaeasyslim.com\/#website"},"datePublished":"2025-06-04T23:00:02+00:00","dateModified":"2026-04-08T13:00:02+00:00","description":"EasySlim\u00ae Pudim Light de Caramelo \u00e9 uma alternativa pr\u00e1tica e saud\u00e1vel, para que desfrute de um pudim com baixo teor de a\u00e7\u00facares e gordura.","breadcrumb":{"@id":"https:\/\/www.dietaeasyslim.com\/products\/pudim-light-caramelo\/#breadcrumb"},"inLanguage":"en-US","potentialAction":[{"@type":"ReadAction","target":["https:\/\/www.dietaeasyslim.com\/products\/pudim-light-caramelo\/"]}]},{"@type":"BreadcrumbList","@id":"https:\/\/www.dietaeasyslim.com\/products\/pudim-light-caramelo\/#breadcrumb","itemListElement":[{"@type":"ListItem","position":1,"name":"Home","item":"https:\/\/www.dietaeasyslim.com\/"},{"@type":"ListItem","position":2,"name":"Products","item":"https:\/\/www.dietaeasyslim.com\/products\/"},{"@type":"ListItem","position":3,"name":"Pudim Light Caramelo"}]},{"@type":"WebSite","@id":"https:\/\/www.dietaeasyslim.com\/#website","url":"https:\/\/www.dietaeasyslim.com\/","name":"Dieta Easyslim","description":"","potentialAction":[{"@type":"SearchAction","target":{"@type":"EntryPoint","urlTemplate":"https:\/\/www.dietaeasyslim.com\/?s={search_term_string}"},"query-input":"required name=search_term_string"}],"inLanguage":"en-US"}]}},"_links":{"self":[{"href":"https:\/\/www.dietaeasyslim.com\/en\/wp-json\/wp\/v2\/product\/2246","targetHints":{"allow":["GET"]}}],"collection":[{"href":"https:\/\/www.dietaeasyslim.com\/en\/wp-json\/wp\/v2\/product"}],"about":[{"href":"https:\/\/www.dietaeasyslim.com\/en\/wp-json\/wp\/v2\/types\/product"}],"wp:featuredmedia":[{"embeddable":true,"href":"https:\/\/www.dietaeasyslim.com\/en\/wp-json\/wp\/v2\/media\/2380"}],"wp:attachment":[{"href":"https:\/\/www.dietaeasyslim.com\/en\/wp-json\/wp\/v2\/media?parent=2246"}],"wp:term":[{"taxonomy":"tipo-de-produto","embeddable":true,"href":"https:\/\/www.dietaeasyslim.com\/en\/wp-json\/wp\/v2\/tipo-de-produto?post=2246"},{"taxonomy":"categoria_produto","embeddable":true,"href":"https:\/\/www.dietaeasyslim.com\/en\/wp-json\/wp\/v2\/categoria_produto?post=2246"}],"curies":[{"name":"wp","href":"https:\/\/api.w.org\/{rel}","templated":true}]}}