
{"id":2197,"date":"2025-03-11T00:00:02","date_gmt":"2025-03-11T00:00:02","guid":{"rendered":""},"modified":"2026-04-04T13:00:01","modified_gmt":"2026-04-04T13:00:01","slug":"barras-chocolate-e-coco-4-uni","status":"publish","type":"product","link":"https:\/\/www.dietaeasyslim.com\/en\/products\/barras-chocolate-e-coco-4-uni\/","title":{"rendered":"Barras Chocolate e Coco 4 uni."},"content":{"rendered":"","protected":false},"featured_media":2299,"parent":0,"template":"","tipo-de-produto":[6],"categoria_produto":[3],"class_list":["post-2197","product","type-product","status-publish","has-post-thumbnail","hentry","tipo-de-produto-barras","categoria_produto-alimentacao"],"acf":[],"yoast_head":"<!-- This site is optimized with the Yoast SEO plugin v20.5 - https:\/\/yoast.com\/wordpress\/plugins\/seo\/ -->\n<title>Barras Chocolate e Coco 4 uni. - Dieta Easyslim<\/title>\n<meta name=\"description\" content=\"As EasySlim\u00ae barras de chocolate e coco s\u00e3o ideais para o lanche da manh\u00e3 ou da tarde. Cada embalagem cont\u00e9m 4 barras.\" \/>\n<meta name=\"robots\" content=\"index, follow, max-snippet:-1, max-image-preview:large, max-video-preview:-1\" \/>\n<link rel=\"canonical\" href=\"https:\/\/www.dietaeasyslim.com\/en\/products\/barras-chocolate-e-coco-4-uni\/\" \/>\n<meta property=\"og:locale\" content=\"en_US\" \/>\n<meta property=\"og:type\" content=\"article\" \/>\n<meta property=\"og:title\" content=\"Barras Chocolate e Coco 4 uni. - Dieta Easyslim\" \/>\n<meta property=\"og:description\" content=\"As EasySlim\u00ae barras de chocolate e coco s\u00e3o ideais para o lanche da manh\u00e3 ou da tarde. Cada embalagem cont\u00e9m 4 barras.\" \/>\n<meta property=\"og:url\" content=\"https:\/\/www.dietaeasyslim.com\/en\/products\/barras-chocolate-e-coco-4-uni\/\" \/>\n<meta property=\"og:site_name\" content=\"Dieta Easyslim\" \/>\n<meta property=\"article:modified_time\" content=\"2026-04-04T13:00:01+00:00\" \/>\n<meta property=\"og:image\" content=\"https:\/\/www.dietaeasyslim.com\/wp-content\/uploads\/2025\/03\/Design-sem-nome-38.png\" \/>\n\t<meta property=\"og:image:width\" content=\"450\" \/>\n\t<meta property=\"og:image:height\" content=\"450\" \/>\n\t<meta property=\"og:image:type\" content=\"image\/png\" \/>\n<meta name=\"twitter:card\" content=\"summary_large_image\" \/>\n<script type=\"application\/ld+json\" class=\"yoast-schema-graph\">{\"@context\":\"https:\/\/schema.org\",\"@graph\":[{\"@type\":\"WebPage\",\"@id\":\"https:\/\/www.dietaeasyslim.com\/products\/barras-chocolate-e-coco-4-uni\/\",\"url\":\"https:\/\/www.dietaeasyslim.com\/products\/barras-chocolate-e-coco-4-uni\/\",\"name\":\"Barras Chocolate e Coco 4 uni. - Dieta Easyslim\",\"isPartOf\":{\"@id\":\"https:\/\/www.dietaeasyslim.com\/#website\"},\"datePublished\":\"2025-03-11T00:00:02+00:00\",\"dateModified\":\"2026-04-04T13:00:01+00:00\",\"description\":\"As EasySlim\u00ae barras de chocolate e coco s\u00e3o ideais para o lanche da manh\u00e3 ou da tarde. Cada embalagem cont\u00e9m 4 barras.\",\"breadcrumb\":{\"@id\":\"https:\/\/www.dietaeasyslim.com\/products\/barras-chocolate-e-coco-4-uni\/#breadcrumb\"},\"inLanguage\":\"en-US\",\"potentialAction\":[{\"@type\":\"ReadAction\",\"target\":[\"https:\/\/www.dietaeasyslim.com\/products\/barras-chocolate-e-coco-4-uni\/\"]}]},{\"@type\":\"BreadcrumbList\",\"@id\":\"https:\/\/www.dietaeasyslim.com\/products\/barras-chocolate-e-coco-4-uni\/#breadcrumb\",\"itemListElement\":[{\"@type\":\"ListItem\",\"position\":1,\"name\":\"Home\",\"item\":\"https:\/\/www.dietaeasyslim.com\/\"},{\"@type\":\"ListItem\",\"position\":2,\"name\":\"Products\",\"item\":\"https:\/\/www.dietaeasyslim.com\/products\/\"},{\"@type\":\"ListItem\",\"position\":3,\"name\":\"Barras Chocolate e Coco 4 uni.\"}]},{\"@type\":\"WebSite\",\"@id\":\"https:\/\/www.dietaeasyslim.com\/#website\",\"url\":\"https:\/\/www.dietaeasyslim.com\/\",\"name\":\"Dieta Easyslim\",\"description\":\"\",\"potentialAction\":[{\"@type\":\"SearchAction\",\"target\":{\"@type\":\"EntryPoint\",\"urlTemplate\":\"https:\/\/www.dietaeasyslim.com\/?s={search_term_string}\"},\"query-input\":\"required name=search_term_string\"}],\"inLanguage\":\"en-US\"}]}<\/script>\n<!-- \/ Yoast SEO plugin. -->","yoast_head_json":{"title":"Barras Chocolate e Coco 4 uni. - Dieta Easyslim","description":"As EasySlim\u00ae barras de chocolate e coco s\u00e3o ideais para o lanche da manh\u00e3 ou da tarde. Cada embalagem cont\u00e9m 4 barras.","robots":{"index":"index","follow":"follow","max-snippet":"max-snippet:-1","max-image-preview":"max-image-preview:large","max-video-preview":"max-video-preview:-1"},"canonical":"https:\/\/www.dietaeasyslim.com\/en\/products\/barras-chocolate-e-coco-4-uni\/","og_locale":"en_US","og_type":"article","og_title":"Barras Chocolate e Coco 4 uni. - Dieta Easyslim","og_description":"As EasySlim\u00ae barras de chocolate e coco s\u00e3o ideais para o lanche da manh\u00e3 ou da tarde. Cada embalagem cont\u00e9m 4 barras.","og_url":"https:\/\/www.dietaeasyslim.com\/en\/products\/barras-chocolate-e-coco-4-uni\/","og_site_name":"Dieta Easyslim","article_modified_time":"2026-04-04T13:00:01+00:00","og_image":[{"width":450,"height":450,"url":"https:\/\/www.dietaeasyslim.com\/wp-content\/uploads\/2025\/03\/Design-sem-nome-38.png","type":"image\/png"}],"twitter_card":"summary_large_image","schema":{"@context":"https:\/\/schema.org","@graph":[{"@type":"WebPage","@id":"https:\/\/www.dietaeasyslim.com\/products\/barras-chocolate-e-coco-4-uni\/","url":"https:\/\/www.dietaeasyslim.com\/products\/barras-chocolate-e-coco-4-uni\/","name":"Barras Chocolate e Coco 4 uni. - Dieta Easyslim","isPartOf":{"@id":"https:\/\/www.dietaeasyslim.com\/#website"},"datePublished":"2025-03-11T00:00:02+00:00","dateModified":"2026-04-04T13:00:01+00:00","description":"As EasySlim\u00ae barras de chocolate e coco s\u00e3o ideais para o lanche da manh\u00e3 ou da tarde. Cada embalagem cont\u00e9m 4 barras.","breadcrumb":{"@id":"https:\/\/www.dietaeasyslim.com\/products\/barras-chocolate-e-coco-4-uni\/#breadcrumb"},"inLanguage":"en-US","potentialAction":[{"@type":"ReadAction","target":["https:\/\/www.dietaeasyslim.com\/products\/barras-chocolate-e-coco-4-uni\/"]}]},{"@type":"BreadcrumbList","@id":"https:\/\/www.dietaeasyslim.com\/products\/barras-chocolate-e-coco-4-uni\/#breadcrumb","itemListElement":[{"@type":"ListItem","position":1,"name":"Home","item":"https:\/\/www.dietaeasyslim.com\/"},{"@type":"ListItem","position":2,"name":"Products","item":"https:\/\/www.dietaeasyslim.com\/products\/"},{"@type":"ListItem","position":3,"name":"Barras Chocolate e Coco 4 uni."}]},{"@type":"WebSite","@id":"https:\/\/www.dietaeasyslim.com\/#website","url":"https:\/\/www.dietaeasyslim.com\/","name":"Dieta Easyslim","description":"","potentialAction":[{"@type":"SearchAction","target":{"@type":"EntryPoint","urlTemplate":"https:\/\/www.dietaeasyslim.com\/?s={search_term_string}"},"query-input":"required name=search_term_string"}],"inLanguage":"en-US"}]}},"_links":{"self":[{"href":"https:\/\/www.dietaeasyslim.com\/en\/wp-json\/wp\/v2\/product\/2197","targetHints":{"allow":["GET"]}}],"collection":[{"href":"https:\/\/www.dietaeasyslim.com\/en\/wp-json\/wp\/v2\/product"}],"about":[{"href":"https:\/\/www.dietaeasyslim.com\/en\/wp-json\/wp\/v2\/types\/product"}],"wp:featuredmedia":[{"embeddable":true,"href":"https:\/\/www.dietaeasyslim.com\/en\/wp-json\/wp\/v2\/media\/2299"}],"wp:attachment":[{"href":"https:\/\/www.dietaeasyslim.com\/en\/wp-json\/wp\/v2\/media?parent=2197"}],"wp:term":[{"taxonomy":"tipo-de-produto","embeddable":true,"href":"https:\/\/www.dietaeasyslim.com\/en\/wp-json\/wp\/v2\/tipo-de-produto?post=2197"},{"taxonomy":"categoria_produto","embeddable":true,"href":"https:\/\/www.dietaeasyslim.com\/en\/wp-json\/wp\/v2\/categoria_produto?post=2197"}],"curies":[{"name":"wp","href":"https:\/\/api.w.org\/{rel}","templated":true}]}}