
{"id":144,"date":"2024-07-05T15:47:57","date_gmt":"2024-07-05T15:47:57","guid":{"rendered":""},"modified":"2026-04-09T13:00:02","modified_gmt":"2026-04-09T13:00:02","slug":"bebida-de-capuccino","status":"publish","type":"product","link":"https:\/\/www.dietaeasyslim.com\/en\/products\/bebida-de-capuccino\/","title":{"rendered":"Bebida de Capuccino"},"content":{"rendered":"","protected":false},"featured_media":2311,"parent":0,"template":"","tipo-de-produto":[7],"categoria_produto":[3],"class_list":["post-144","product","type-product","status-publish","has-post-thumbnail","hentry","tipo-de-produto-bebidas","categoria_produto-alimentacao"],"acf":[],"yoast_head":"<!-- This site is optimized with the Yoast SEO plugin v20.5 - https:\/\/yoast.com\/wordpress\/plugins\/seo\/ -->\n<title>Bebida de Capuccino - Dieta Easyslim<\/title>\n<meta name=\"description\" content=\"A bebida de cappucino \u00e9 hiperproteica e tem baixo teor de a\u00e7\u00facares, sendo uma alternativa pr\u00e1tica e saud\u00e1vel ao pequena almo\u00e7o ou ao lanche.\" \/>\n<meta name=\"robots\" content=\"index, follow, max-snippet:-1, max-image-preview:large, max-video-preview:-1\" \/>\n<link rel=\"canonical\" href=\"https:\/\/www.dietaeasyslim.com\/en\/products\/bebida-de-capuccino\/\" \/>\n<meta property=\"og:locale\" content=\"en_US\" \/>\n<meta property=\"og:type\" content=\"article\" \/>\n<meta property=\"og:title\" content=\"Bebida de Capuccino - Dieta Easyslim\" \/>\n<meta property=\"og:description\" content=\"A bebida de cappucino \u00e9 hiperproteica e tem baixo teor de a\u00e7\u00facares, sendo uma alternativa pr\u00e1tica e saud\u00e1vel ao pequena almo\u00e7o ou ao lanche.\" \/>\n<meta property=\"og:url\" content=\"https:\/\/www.dietaeasyslim.com\/en\/products\/bebida-de-capuccino\/\" \/>\n<meta property=\"og:site_name\" content=\"Dieta Easyslim\" \/>\n<meta property=\"article:modified_time\" content=\"2026-04-09T13:00:02+00:00\" \/>\n<meta property=\"og:image\" content=\"https:\/\/www.dietaeasyslim.com\/wp-content\/uploads\/2024\/07\/EASYSLIM-Bebida-de-Cappuccino-e1750955594330.png\" \/>\n\t<meta property=\"og:image:width\" content=\"450\" \/>\n\t<meta property=\"og:image:height\" content=\"450\" \/>\n\t<meta property=\"og:image:type\" content=\"image\/png\" \/>\n<meta name=\"twitter:card\" content=\"summary_large_image\" \/>\n<script type=\"application\/ld+json\" class=\"yoast-schema-graph\">{\"@context\":\"https:\/\/schema.org\",\"@graph\":[{\"@type\":\"WebPage\",\"@id\":\"https:\/\/www.dietaeasyslim.com\/products\/bebida-de-capuccino\/\",\"url\":\"https:\/\/www.dietaeasyslim.com\/products\/bebida-de-capuccino\/\",\"name\":\"Bebida de Capuccino - Dieta Easyslim\",\"isPartOf\":{\"@id\":\"https:\/\/www.dietaeasyslim.com\/#website\"},\"datePublished\":\"2024-07-05T15:47:57+00:00\",\"dateModified\":\"2026-04-09T13:00:02+00:00\",\"description\":\"A bebida de cappucino \u00e9 hiperproteica e tem baixo teor de a\u00e7\u00facares, sendo uma alternativa pr\u00e1tica e saud\u00e1vel ao pequena almo\u00e7o ou ao lanche.\",\"breadcrumb\":{\"@id\":\"https:\/\/www.dietaeasyslim.com\/products\/bebida-de-capuccino\/#breadcrumb\"},\"inLanguage\":\"en-US\",\"potentialAction\":[{\"@type\":\"ReadAction\",\"target\":[\"https:\/\/www.dietaeasyslim.com\/products\/bebida-de-capuccino\/\"]}]},{\"@type\":\"BreadcrumbList\",\"@id\":\"https:\/\/www.dietaeasyslim.com\/products\/bebida-de-capuccino\/#breadcrumb\",\"itemListElement\":[{\"@type\":\"ListItem\",\"position\":1,\"name\":\"Home\",\"item\":\"https:\/\/www.dietaeasyslim.com\/\"},{\"@type\":\"ListItem\",\"position\":2,\"name\":\"Products\",\"item\":\"https:\/\/www.dietaeasyslim.com\/products\/\"},{\"@type\":\"ListItem\",\"position\":3,\"name\":\"Bebida de Capuccino\"}]},{\"@type\":\"WebSite\",\"@id\":\"https:\/\/www.dietaeasyslim.com\/#website\",\"url\":\"https:\/\/www.dietaeasyslim.com\/\",\"name\":\"Dieta Easyslim\",\"description\":\"\",\"potentialAction\":[{\"@type\":\"SearchAction\",\"target\":{\"@type\":\"EntryPoint\",\"urlTemplate\":\"https:\/\/www.dietaeasyslim.com\/?s={search_term_string}\"},\"query-input\":\"required name=search_term_string\"}],\"inLanguage\":\"en-US\"}]}<\/script>\n<!-- \/ Yoast SEO plugin. -->","yoast_head_json":{"title":"Bebida de Capuccino - Dieta Easyslim","description":"A bebida de cappucino \u00e9 hiperproteica e tem baixo teor de a\u00e7\u00facares, sendo uma alternativa pr\u00e1tica e saud\u00e1vel ao pequena almo\u00e7o ou ao lanche.","robots":{"index":"index","follow":"follow","max-snippet":"max-snippet:-1","max-image-preview":"max-image-preview:large","max-video-preview":"max-video-preview:-1"},"canonical":"https:\/\/www.dietaeasyslim.com\/en\/products\/bebida-de-capuccino\/","og_locale":"en_US","og_type":"article","og_title":"Bebida de Capuccino - Dieta Easyslim","og_description":"A bebida de cappucino \u00e9 hiperproteica e tem baixo teor de a\u00e7\u00facares, sendo uma alternativa pr\u00e1tica e saud\u00e1vel ao pequena almo\u00e7o ou ao lanche.","og_url":"https:\/\/www.dietaeasyslim.com\/en\/products\/bebida-de-capuccino\/","og_site_name":"Dieta Easyslim","article_modified_time":"2026-04-09T13:00:02+00:00","og_image":[{"width":450,"height":450,"url":"https:\/\/www.dietaeasyslim.com\/wp-content\/uploads\/2024\/07\/EASYSLIM-Bebida-de-Cappuccino-e1750955594330.png","type":"image\/png"}],"twitter_card":"summary_large_image","schema":{"@context":"https:\/\/schema.org","@graph":[{"@type":"WebPage","@id":"https:\/\/www.dietaeasyslim.com\/products\/bebida-de-capuccino\/","url":"https:\/\/www.dietaeasyslim.com\/products\/bebida-de-capuccino\/","name":"Bebida de Capuccino - Dieta Easyslim","isPartOf":{"@id":"https:\/\/www.dietaeasyslim.com\/#website"},"datePublished":"2024-07-05T15:47:57+00:00","dateModified":"2026-04-09T13:00:02+00:00","description":"A bebida de cappucino \u00e9 hiperproteica e tem baixo teor de a\u00e7\u00facares, sendo uma alternativa pr\u00e1tica e saud\u00e1vel ao pequena almo\u00e7o ou ao lanche.","breadcrumb":{"@id":"https:\/\/www.dietaeasyslim.com\/products\/bebida-de-capuccino\/#breadcrumb"},"inLanguage":"en-US","potentialAction":[{"@type":"ReadAction","target":["https:\/\/www.dietaeasyslim.com\/products\/bebida-de-capuccino\/"]}]},{"@type":"BreadcrumbList","@id":"https:\/\/www.dietaeasyslim.com\/products\/bebida-de-capuccino\/#breadcrumb","itemListElement":[{"@type":"ListItem","position":1,"name":"Home","item":"https:\/\/www.dietaeasyslim.com\/"},{"@type":"ListItem","position":2,"name":"Products","item":"https:\/\/www.dietaeasyslim.com\/products\/"},{"@type":"ListItem","position":3,"name":"Bebida de Capuccino"}]},{"@type":"WebSite","@id":"https:\/\/www.dietaeasyslim.com\/#website","url":"https:\/\/www.dietaeasyslim.com\/","name":"Dieta Easyslim","description":"","potentialAction":[{"@type":"SearchAction","target":{"@type":"EntryPoint","urlTemplate":"https:\/\/www.dietaeasyslim.com\/?s={search_term_string}"},"query-input":"required name=search_term_string"}],"inLanguage":"en-US"}]}},"_links":{"self":[{"href":"https:\/\/www.dietaeasyslim.com\/en\/wp-json\/wp\/v2\/product\/144","targetHints":{"allow":["GET"]}}],"collection":[{"href":"https:\/\/www.dietaeasyslim.com\/en\/wp-json\/wp\/v2\/product"}],"about":[{"href":"https:\/\/www.dietaeasyslim.com\/en\/wp-json\/wp\/v2\/types\/product"}],"wp:featuredmedia":[{"embeddable":true,"href":"https:\/\/www.dietaeasyslim.com\/en\/wp-json\/wp\/v2\/media\/2311"}],"wp:attachment":[{"href":"https:\/\/www.dietaeasyslim.com\/en\/wp-json\/wp\/v2\/media?parent=144"}],"wp:term":[{"taxonomy":"tipo-de-produto","embeddable":true,"href":"https:\/\/www.dietaeasyslim.com\/en\/wp-json\/wp\/v2\/tipo-de-produto?post=144"},{"taxonomy":"categoria_produto","embeddable":true,"href":"https:\/\/www.dietaeasyslim.com\/en\/wp-json\/wp\/v2\/categoria_produto?post=144"}],"curies":[{"name":"wp","href":"https:\/\/api.w.org\/{rel}","templated":true}]}}