
{"id":112,"date":"2024-07-05T15:47:57","date_gmt":"2024-07-05T15:47:57","guid":{"rendered":""},"modified":"2026-04-04T13:00:01","modified_gmt":"2026-04-04T13:00:01","slug":"bombons-de-chocolate-e-recheio-de-amendoim","status":"publish","type":"product","link":"https:\/\/www.dietaeasyslim.com\/en\/products\/bombons-de-chocolate-e-recheio-de-amendoim\/","title":{"rendered":"Bombons de Chocolate e Recheio de Amendoim"},"content":{"rendered":"","protected":false},"featured_media":2319,"parent":0,"template":"","tipo-de-produto":[9],"categoria_produto":[3],"class_list":["post-112","product","type-product","status-publish","has-post-thumbnail","hentry","tipo-de-produto-chocolates","categoria_produto-alimentacao"],"acf":[],"yoast_head":"<!-- This site is optimized with the Yoast SEO plugin v20.5 - https:\/\/yoast.com\/wordpress\/plugins\/seo\/ -->\n<title>Bombons de Chocolate e Recheio de Amendoim - Dieta Easyslim<\/title>\n<meta name=\"description\" content=\"EasySlim bombons de chocolate com recheio de amendoim t\u00eam alto teor em fibra e 0 adi\u00e7\u00e3o de a\u00e7\u00facares. Um doce sem culpa!\" \/>\n<meta name=\"robots\" content=\"index, follow, max-snippet:-1, max-image-preview:large, max-video-preview:-1\" \/>\n<link rel=\"canonical\" href=\"https:\/\/www.dietaeasyslim.com\/en\/products\/bombons-de-chocolate-e-recheio-de-amendoim\/\" \/>\n<meta property=\"og:locale\" content=\"en_US\" \/>\n<meta property=\"og:type\" content=\"article\" \/>\n<meta property=\"og:title\" content=\"Bombons de Chocolate e Recheio de Amendoim - Dieta Easyslim\" \/>\n<meta property=\"og:description\" content=\"EasySlim bombons de chocolate com recheio de amendoim t\u00eam alto teor em fibra e 0 adi\u00e7\u00e3o de a\u00e7\u00facares. Um doce sem culpa!\" \/>\n<meta property=\"og:url\" content=\"https:\/\/www.dietaeasyslim.com\/en\/products\/bombons-de-chocolate-e-recheio-de-amendoim\/\" \/>\n<meta property=\"og:site_name\" content=\"Dieta Easyslim\" \/>\n<meta property=\"article:modified_time\" content=\"2026-04-04T13:00:01+00:00\" \/>\n<meta property=\"og:image\" content=\"https:\/\/www.dietaeasyslim.com\/wp-content\/uploads\/2024\/07\/EASYSLIM-Bombons-de-Chocolate-e-Amendoim-e1751031061404.png\" \/>\n\t<meta property=\"og:image:width\" content=\"450\" \/>\n\t<meta property=\"og:image:height\" content=\"450\" \/>\n\t<meta property=\"og:image:type\" content=\"image\/png\" \/>\n<meta name=\"twitter:card\" content=\"summary_large_image\" \/>\n<script type=\"application\/ld+json\" class=\"yoast-schema-graph\">{\"@context\":\"https:\/\/schema.org\",\"@graph\":[{\"@type\":\"WebPage\",\"@id\":\"https:\/\/www.dietaeasyslim.com\/products\/bombons-de-chocolate-e-recheio-de-amendoim\/\",\"url\":\"https:\/\/www.dietaeasyslim.com\/products\/bombons-de-chocolate-e-recheio-de-amendoim\/\",\"name\":\"Bombons de Chocolate e Recheio de Amendoim - Dieta Easyslim\",\"isPartOf\":{\"@id\":\"https:\/\/www.dietaeasyslim.com\/#website\"},\"datePublished\":\"2024-07-05T15:47:57+00:00\",\"dateModified\":\"2026-04-04T13:00:01+00:00\",\"description\":\"EasySlim bombons de chocolate com recheio de amendoim t\u00eam alto teor em fibra e 0 adi\u00e7\u00e3o de a\u00e7\u00facares. Um doce sem culpa!\",\"breadcrumb\":{\"@id\":\"https:\/\/www.dietaeasyslim.com\/products\/bombons-de-chocolate-e-recheio-de-amendoim\/#breadcrumb\"},\"inLanguage\":\"en-US\",\"potentialAction\":[{\"@type\":\"ReadAction\",\"target\":[\"https:\/\/www.dietaeasyslim.com\/products\/bombons-de-chocolate-e-recheio-de-amendoim\/\"]}]},{\"@type\":\"BreadcrumbList\",\"@id\":\"https:\/\/www.dietaeasyslim.com\/products\/bombons-de-chocolate-e-recheio-de-amendoim\/#breadcrumb\",\"itemListElement\":[{\"@type\":\"ListItem\",\"position\":1,\"name\":\"Home\",\"item\":\"https:\/\/www.dietaeasyslim.com\/\"},{\"@type\":\"ListItem\",\"position\":2,\"name\":\"Products\",\"item\":\"https:\/\/www.dietaeasyslim.com\/products\/\"},{\"@type\":\"ListItem\",\"position\":3,\"name\":\"Bombons de Chocolate e Recheio de Amendoim\"}]},{\"@type\":\"WebSite\",\"@id\":\"https:\/\/www.dietaeasyslim.com\/#website\",\"url\":\"https:\/\/www.dietaeasyslim.com\/\",\"name\":\"Dieta Easyslim\",\"description\":\"\",\"potentialAction\":[{\"@type\":\"SearchAction\",\"target\":{\"@type\":\"EntryPoint\",\"urlTemplate\":\"https:\/\/www.dietaeasyslim.com\/?s={search_term_string}\"},\"query-input\":\"required name=search_term_string\"}],\"inLanguage\":\"en-US\"}]}<\/script>\n<!-- \/ Yoast SEO plugin. -->","yoast_head_json":{"title":"Bombons de Chocolate e Recheio de Amendoim - Dieta Easyslim","description":"EasySlim bombons de chocolate com recheio de amendoim t\u00eam alto teor em fibra e 0 adi\u00e7\u00e3o de a\u00e7\u00facares. Um doce sem culpa!","robots":{"index":"index","follow":"follow","max-snippet":"max-snippet:-1","max-image-preview":"max-image-preview:large","max-video-preview":"max-video-preview:-1"},"canonical":"https:\/\/www.dietaeasyslim.com\/en\/products\/bombons-de-chocolate-e-recheio-de-amendoim\/","og_locale":"en_US","og_type":"article","og_title":"Bombons de Chocolate e Recheio de Amendoim - Dieta Easyslim","og_description":"EasySlim bombons de chocolate com recheio de amendoim t\u00eam alto teor em fibra e 0 adi\u00e7\u00e3o de a\u00e7\u00facares. Um doce sem culpa!","og_url":"https:\/\/www.dietaeasyslim.com\/en\/products\/bombons-de-chocolate-e-recheio-de-amendoim\/","og_site_name":"Dieta Easyslim","article_modified_time":"2026-04-04T13:00:01+00:00","og_image":[{"width":450,"height":450,"url":"https:\/\/www.dietaeasyslim.com\/wp-content\/uploads\/2024\/07\/EASYSLIM-Bombons-de-Chocolate-e-Amendoim-e1751031061404.png","type":"image\/png"}],"twitter_card":"summary_large_image","schema":{"@context":"https:\/\/schema.org","@graph":[{"@type":"WebPage","@id":"https:\/\/www.dietaeasyslim.com\/products\/bombons-de-chocolate-e-recheio-de-amendoim\/","url":"https:\/\/www.dietaeasyslim.com\/products\/bombons-de-chocolate-e-recheio-de-amendoim\/","name":"Bombons de Chocolate e Recheio de Amendoim - Dieta Easyslim","isPartOf":{"@id":"https:\/\/www.dietaeasyslim.com\/#website"},"datePublished":"2024-07-05T15:47:57+00:00","dateModified":"2026-04-04T13:00:01+00:00","description":"EasySlim bombons de chocolate com recheio de amendoim t\u00eam alto teor em fibra e 0 adi\u00e7\u00e3o de a\u00e7\u00facares. Um doce sem culpa!","breadcrumb":{"@id":"https:\/\/www.dietaeasyslim.com\/products\/bombons-de-chocolate-e-recheio-de-amendoim\/#breadcrumb"},"inLanguage":"en-US","potentialAction":[{"@type":"ReadAction","target":["https:\/\/www.dietaeasyslim.com\/products\/bombons-de-chocolate-e-recheio-de-amendoim\/"]}]},{"@type":"BreadcrumbList","@id":"https:\/\/www.dietaeasyslim.com\/products\/bombons-de-chocolate-e-recheio-de-amendoim\/#breadcrumb","itemListElement":[{"@type":"ListItem","position":1,"name":"Home","item":"https:\/\/www.dietaeasyslim.com\/"},{"@type":"ListItem","position":2,"name":"Products","item":"https:\/\/www.dietaeasyslim.com\/products\/"},{"@type":"ListItem","position":3,"name":"Bombons de Chocolate e Recheio de Amendoim"}]},{"@type":"WebSite","@id":"https:\/\/www.dietaeasyslim.com\/#website","url":"https:\/\/www.dietaeasyslim.com\/","name":"Dieta Easyslim","description":"","potentialAction":[{"@type":"SearchAction","target":{"@type":"EntryPoint","urlTemplate":"https:\/\/www.dietaeasyslim.com\/?s={search_term_string}"},"query-input":"required name=search_term_string"}],"inLanguage":"en-US"}]}},"_links":{"self":[{"href":"https:\/\/www.dietaeasyslim.com\/en\/wp-json\/wp\/v2\/product\/112","targetHints":{"allow":["GET"]}}],"collection":[{"href":"https:\/\/www.dietaeasyslim.com\/en\/wp-json\/wp\/v2\/product"}],"about":[{"href":"https:\/\/www.dietaeasyslim.com\/en\/wp-json\/wp\/v2\/types\/product"}],"wp:featuredmedia":[{"embeddable":true,"href":"https:\/\/www.dietaeasyslim.com\/en\/wp-json\/wp\/v2\/media\/2319"}],"wp:attachment":[{"href":"https:\/\/www.dietaeasyslim.com\/en\/wp-json\/wp\/v2\/media?parent=112"}],"wp:term":[{"taxonomy":"tipo-de-produto","embeddable":true,"href":"https:\/\/www.dietaeasyslim.com\/en\/wp-json\/wp\/v2\/tipo-de-produto?post=112"},{"taxonomy":"categoria_produto","embeddable":true,"href":"https:\/\/www.dietaeasyslim.com\/en\/wp-json\/wp\/v2\/categoria_produto?post=112"}],"curies":[{"name":"wp","href":"https:\/\/api.w.org\/{rel}","templated":true}]}}